{"id":890,"date":"2025-02-23T11:52:14","date_gmt":"2025-02-23T11:52:14","guid":{"rendered":"https:\/\/niezwyciezony.org\/?page_id=890"},"modified":"2025-02-23T12:12:39","modified_gmt":"2025-02-23T12:12:39","slug":"kontakt","status":"publish","type":"page","link":"https:\/\/niezwyciezony.org\/index.php\/kontakt\/","title":{"rendered":"Kontakt"},"content":{"rendered":"\n<div class=\"wp-block-columns is-layout-flex wp-container-core-columns-is-layout-1 wp-block-columns-is-layout-flex\">\n<div class=\"wp-block-column is-layout-flow wp-block-column-is-layout-flow\">\n<h3 class=\"wp-block-heading has-medium-font-size\">Adres do korespondencji<\/h3>\n\n\n\n<p class=\"has-small-font-size\">ul. \u017burawia 26\/7<br>00-515 Warszawa<\/p>\n\n\n\n<h3 class=\"wp-block-heading has-medium-font-size\">Adres Fundacji Niezwyci\u0119\u017cony<\/h3>\n\n\n\n<p class=\"has-small-font-size\">ul. \u017burawia 26\/7<br>00-515 Warszawa<\/p>\n\n\n\n<p class=\"has-small-font-size\">tel. +48 660 427 620<\/p>\n\n\n\n<p class=\"has-small-font-size\">NIP: 952-212-75-89, REGON: 147007608<\/p>\n\n\n\n<p class=\"has-small-font-size\">KRS: 0000489477 (S\u0105d Rejonowy dla m.st. Warszawy, XIV Wydzia\u0142 KRS)<\/p>\n\n\n\n<h3 class=\"wp-block-heading has-medium-font-size\">Numer Konta Bankowego<\/h3>\n\n\n\n<p class=\"has-small-font-size\">BANK PEKAO 25 1950 0001 2006 0707 9393 0002<\/p>\n<\/div>\n\n\n\n<div class=\"wp-block-column is-vertically-aligned-center is-layout-flow wp-block-column-is-layout-flow\"><div class=\"wp-block-image\">\n<figure class=\"aligncenter size-full\"><img loading=\"lazy\" decoding=\"async\" width=\"2206\" height=\"1432\" src=\"https:\/\/niezwyciezony.org\/wp-content\/uploads\/2025\/02\/Screenshot-2025-02-23-at-12.59.01.png\" alt=\"\" class=\"wp-image-894\"\/><\/figure><\/div><\/div>\n<\/div>\n\n\n\n<div style=\"height:100px\" aria-hidden=\"true\" class=\"wp-block-spacer\"><\/div>\n\n\n\n<div class=\"wp-block-columns is-layout-flex wp-container-core-columns-is-layout-2 wp-block-columns-is-layout-flex\">\n<div class=\"wp-block-column is-layout-flow wp-block-column-is-layout-flow\">\n<h3 class=\"wp-block-heading has-medium-font-size\">PAMI\u0118TAJ O NAS ROZLICZAJ\u0104C SW\u00d3J PIT!<\/h3>\n\n\n\n<p class=\"has-small-font-size\">Przeka\u017c 1,5% swojego podatku na rzecz&nbsp;<strong>Fundacji Niezwyci\u0119\u017cony<\/strong>. Pomagamy&nbsp;<em>m\u0142odym sportowcom<\/em>&nbsp;w realizacji ich marze\u0144 oraz pozwalamy dzieciom trenowa\u0107 sztuki walki na bezp\u0142atnych zaj\u0119ciach sportowych.<\/p>\n\n\n\n<p class=\"has-small-font-size\">Wype\u0142niaj\u0105c deklaracj\u0119 znajdziesz rubryk\u0119&nbsp;<strong>&#8222;WNIOSEK O PRZEKAZNIE 1,5% PODATKU NALE\u017bNEGO NA RZECZ ORGANIZACJI PO\u017bYTKU PUBLICZNEGO (OPP)&#8221;<\/strong><\/p>\n\n\n\n<p class=\"has-small-font-size\">W polu: &#8222;<em>numer KRS<\/em>&#8221; wpisz: &#8222;<em>0000489477<\/em>&#8222;, a w miejscu &#8222;Wnioskowana kwota&#8221; &#8211; kwot\u0119, kt\u00f3r\u0105 chcesz przekaza\u0107 (nie wi\u0119ksz\u0105 ni\u017c 1% wyliczonego podatku nale\u017cnego, zaokr\u0105glon\u0105 do pe\u0142nych dziesi\u0105tek groszy w d\u00f3\u0142). Rubryka &#8222;<em>Cel szczeg\u00f3\u0142owy<\/em>&#8221; w przypadku naszej fundacji pozostaje pusta.&nbsp;<em>Z\u0142\u00f3\u017c terminowo sw\u00f3j PIT, a urz\u0105d skarbowy przeka\u017ce nam \u015brodki na konto!<\/em><\/p>\n<\/div>\n\n\n\n<div class=\"wp-block-column is-vertically-aligned-center is-layout-flow wp-block-column-is-layout-flow\">\n<figure class=\"wp-block-image size-full\"><img loading=\"lazy\" decoding=\"async\" width=\"654\" height=\"409\" src=\"https:\/\/niezwyciezony.org\/wp-content\/uploads\/2019\/06\/KzNURd@2x.png\" alt=\"\" class=\"wp-image-44\"\/><\/figure>\n<\/div>\n<\/div>\n","protected":false},"excerpt":{"rendered":"<p>Adres do korespondencji ul. \u017burawia 26\/700-515 Warszawa Adres Fundacji Niezwyci\u0119\u017cony ul. \u017burawia 26\/700-515 Warszawa tel. +48 660 427 620 NIP: 952-212-75-89, REGON: 147007608 KRS: 0000489477 (S\u0105d Rejonowy dla m.st. Warszawy, XIV Wydzia\u0142 KRS) Numer Konta Bankowego BANK PEKAO 25 1950 0001 2006 0707 9393 0002 PAMI\u0118TAJ O NAS ROZLICZAJ\u0104C SW\u00d3J PIT! Przeka\u017c 1,5% swojego podatku &hellip; <a href=\"https:\/\/niezwyciezony.org\/index.php\/kontakt\/\" class=\"more-link\">Czytaj dalej<span class=\"screen-reader-text\"> \u201eKontakt\u201d<\/span><\/a><\/p>\n","protected":false},"author":9,"featured_media":0,"parent":0,"menu_order":0,"comment_status":"closed","ping_status":"closed","template":"elementor_header_footer","meta":{"footnotes":""},"class_list":["post-890","page","type-page","status-publish","hentry"],"better_featured_image":null,"_links":{"self":[{"href":"https:\/\/niezwyciezony.org\/index.php\/wp-json\/wp\/v2\/pages\/890","targetHints":{"allow":["GET"]}}],"collection":[{"href":"https:\/\/niezwyciezony.org\/index.php\/wp-json\/wp\/v2\/pages"}],"about":[{"href":"https:\/\/niezwyciezony.org\/index.php\/wp-json\/wp\/v2\/types\/page"}],"author":[{"embeddable":true,"href":"https:\/\/niezwyciezony.org\/index.php\/wp-json\/wp\/v2\/users\/9"}],"replies":[{"embeddable":true,"href":"https:\/\/niezwyciezony.org\/index.php\/wp-json\/wp\/v2\/comments?post=890"}],"version-history":[{"count":13,"href":"https:\/\/niezwyciezony.org\/index.php\/wp-json\/wp\/v2\/pages\/890\/revisions"}],"predecessor-version":[{"id":907,"href":"https:\/\/niezwyciezony.org\/index.php\/wp-json\/wp\/v2\/pages\/890\/revisions\/907"}],"wp:attachment":[{"href":"https:\/\/niezwyciezony.org\/index.php\/wp-json\/wp\/v2\/media?parent=890"}],"curies":[{"name":"wp","href":"https:\/\/api.w.org\/{rel}","templated":true}]}}