{"id":754,"date":"2023-04-10T18:34:57","date_gmt":"2023-04-10T18:34:57","guid":{"rendered":"https:\/\/niezwyciezony.org\/?page_id=754"},"modified":"2025-02-21T10:21:28","modified_gmt":"2025-02-21T10:21:28","slug":"wspieraja-nas","status":"publish","type":"page","link":"https:\/\/niezwyciezony.org\/index.php\/wspieraja-nas\/","title":{"rendered":"Wspieraj\u0105 nas"},"content":{"rendered":"\n<div class=\"wp-block-columns is-layout-flex wp-container-core-columns-is-layout-1 wp-block-columns-is-layout-flex\">\n<div class=\"wp-block-column is-layout-flow wp-block-column-is-layout-flow\" style=\"flex-basis:33.33%\"><div class=\"wp-block-image\">\n<figure class=\"aligncenter size-full\"><img loading=\"lazy\" decoding=\"async\" width=\"650\" height=\"350\" src=\"https:\/\/niezwyciezony.org\/wp-content\/uploads\/2025\/02\/atende-industries.jpeg\" alt=\"\" class=\"wp-image-828\"\/><\/figure><\/div><\/div>\n\n\n\n<div class=\"wp-block-column is-layout-flow wp-block-column-is-layout-flow\" style=\"flex-basis:66.66%\">\n<p class=\"has-small-font-size\"><strong><a href=\"http:\/\/www.atende.industries\/\"><br>Atende Industries<\/a>&nbsp;to jedna z najdynamiczniej rozwijaj\u0105cych si\u0119 firm informatycznych w Polsce. Sp\u00f3\u0142ka tworzy platformy chmurowe dla przemys\u0142u 4.0.<\/strong><\/p>\n\n\n\n<p class=\"has-small-font-size\">Firma powsta\u0142a w wyniku podzia\u0142u sp\u00f3\u0142ki Atende Software. Sp\u00f3\u0142ka wspiera Fundacj\u0119 od samego pocz\u0105tku przekazuj\u0105c \u015brodki finansowe na dzia\u0142alno\u015b\u0107 operacyjn\u0105. Realizuje tak\u017ce wszystkie us\u0142ugi informatyczne, takie jak realizacja strony Fundacji, jej hosting i utrzymanie oraz administracja infrastruktur\u0105. Przekaza\u0142a tak\u017ce komputery i wyposa\u017cenie biura.<\/p>\n<\/div>\n<\/div>\n\n\n\n<div class=\"wp-block-columns is-layout-flex wp-container-core-columns-is-layout-2 wp-block-columns-is-layout-flex\">\n<div class=\"wp-block-column is-layout-flow wp-block-column-is-layout-flow\" style=\"flex-basis:33.33%\"><div class=\"wp-block-image\">\n<figure class=\"aligncenter size-full\"><img loading=\"lazy\" decoding=\"async\" width=\"554\" height=\"294\" src=\"https:\/\/niezwyciezony.org\/wp-content\/uploads\/2025\/02\/phoenix-systems-.png\" alt=\"\" class=\"wp-image-832\"\/><\/figure><\/div><\/div>\n\n\n\n<div class=\"wp-block-column is-layout-flow wp-block-column-is-layout-flow\" style=\"flex-basis:66.66%\">\n<p class=\"has-small-font-size\"><strong><a href=\"http:\/\/www.phoenix-rtos.org\/\"><br>Phoenix Systems<\/a>&nbsp;to sp\u00f3\u0142ka, kt\u00f3ra rozwija system operacyjny dla urz\u0105dze\u0144 Internetu Rzeczy (np. dla inteligentnych licznik\u00f3w energii).<\/strong><\/p>\n\n\n\n<p class=\"has-small-font-size\">Firma wspiera Fundacj\u0119 od samego pocz\u0105tku przekazuj\u0105c \u015brodki finansowe na dzia\u0142alno\u015b\u0107 operacyjn\u0105. Przekaza\u0142a tak\u017ce urz\u0105dzenia elektroniczne.<\/p>\n<\/div>\n<\/div>\n\n\n\n<div class=\"wp-block-columns is-layout-flex wp-container-core-columns-is-layout-3 wp-block-columns-is-layout-flex\">\n<div class=\"wp-block-column is-layout-flow wp-block-column-is-layout-flow\" style=\"flex-basis:33.33%\"><div class=\"wp-block-image\">\n<figure class=\"aligncenter size-full\"><img loading=\"lazy\" decoding=\"async\" width=\"962\" height=\"512\" src=\"https:\/\/niezwyciezony.org\/wp-content\/uploads\/2025\/02\/hillwood-company-.png\" alt=\"\" class=\"wp-image-834\"\/><\/figure><\/div><\/div>\n\n\n\n<div class=\"wp-block-column is-layout-flow wp-block-column-is-layout-flow\" style=\"flex-basis:66.66%\">\n<p class=\"has-small-font-size\"><strong><a href=\"https:\/\/www.hillwood.pl\/pl-pl\/\"><br>Hillwood<\/a>&nbsp;to jedna z najwi\u0119kszych firm z bran\u017cy nieruchomo\u015bci, kt\u00f3ra od 25 lat buduje i inwestuje na ca\u0142ym \u015bwiecie.<\/strong><\/p>\n\n\n\n<p class=\"has-small-font-size\">Firma wspiera Fundacj\u0119 od 2017 roku przekazuj\u0105c \u015brodki finansowe na dzia\u0142alno\u015b\u0107 operacyjn\u0105 i wsparcie podopiecznych.<\/p>\n<\/div>\n<\/div>\n\n\n\n<div class=\"wp-block-columns is-layout-flex wp-container-core-columns-is-layout-4 wp-block-columns-is-layout-flex\">\n<div class=\"wp-block-column is-layout-flow wp-block-column-is-layout-flow\" style=\"flex-basis:33.33%\"><div class=\"wp-block-image\">\n<figure class=\"aligncenter size-full is-resized\"><img loading=\"lazy\" decoding=\"async\" width=\"680\" height=\"682\" src=\"https:\/\/niezwyciezony.org\/wp-content\/uploads\/2025\/02\/Andrzej-sponsor.png\" alt=\"\" class=\"wp-image-835\" style=\"width:160px;height:auto\"\/><\/figure><\/div><\/div>\n\n\n\n<div class=\"wp-block-column is-layout-flow wp-block-column-is-layout-flow\" style=\"flex-basis:66.66%\">\n<p class=\"has-small-font-size\"><strong><br>Andrzej Supron to znany polski zapa\u015bnik, mistrz \u015bwiata i Europy, wicemistrz olimpijski, trener, s\u0119dzia zapa\u015bniczy, Prezes Polskiego Zwi\u0105zku Zapa\u015bniczego.<\/strong><\/p>\n\n\n\n<p class=\"has-small-font-size\">Andrzej Supron wspiera Fundacj\u0119 zajmuj\u0105c si\u0119 jej promocj\u0105 w \u015brodowisku sportowym. Dzi\u0119ki Panu Andrzejowi wielu m\u0142odych, zdolnych ludzi rozwin\u0119\u0142o w sobie sportow\u0105 pasj\u0119.<\/p>\n<\/div>\n<\/div>\n","protected":false},"excerpt":{"rendered":"<p>Atende Industries&nbsp;to jedna z najdynamiczniej rozwijaj\u0105cych si\u0119 firm informatycznych w Polsce. Sp\u00f3\u0142ka tworzy platformy chmurowe dla przemys\u0142u 4.0. Firma powsta\u0142a w wyniku podzia\u0142u sp\u00f3\u0142ki Atende Software. Sp\u00f3\u0142ka wspiera Fundacj\u0119 od samego pocz\u0105tku przekazuj\u0105c \u015brodki finansowe na dzia\u0142alno\u015b\u0107 operacyjn\u0105. Realizuje tak\u017ce wszystkie us\u0142ugi informatyczne, takie jak realizacja strony Fundacji, jej hosting i utrzymanie oraz administracja infrastruktur\u0105. &hellip; <a href=\"https:\/\/niezwyciezony.org\/index.php\/wspieraja-nas\/\" class=\"more-link\">Czytaj dalej<span class=\"screen-reader-text\"> \u201eWspieraj\u0105 nas\u201d<\/span><\/a><\/p>\n","protected":false},"author":1,"featured_media":0,"parent":0,"menu_order":0,"comment_status":"closed","ping_status":"closed","template":"","meta":{"footnotes":""},"class_list":["post-754","page","type-page","status-publish","hentry"],"better_featured_image":null,"_links":{"self":[{"href":"https:\/\/niezwyciezony.org\/index.php\/wp-json\/wp\/v2\/pages\/754","targetHints":{"allow":["GET"]}}],"collection":[{"href":"https:\/\/niezwyciezony.org\/index.php\/wp-json\/wp\/v2\/pages"}],"about":[{"href":"https:\/\/niezwyciezony.org\/index.php\/wp-json\/wp\/v2\/types\/page"}],"author":[{"embeddable":true,"href":"https:\/\/niezwyciezony.org\/index.php\/wp-json\/wp\/v2\/users\/1"}],"replies":[{"embeddable":true,"href":"https:\/\/niezwyciezony.org\/index.php\/wp-json\/wp\/v2\/comments?post=754"}],"version-history":[{"count":9,"href":"https:\/\/niezwyciezony.org\/index.php\/wp-json\/wp\/v2\/pages\/754\/revisions"}],"predecessor-version":[{"id":839,"href":"https:\/\/niezwyciezony.org\/index.php\/wp-json\/wp\/v2\/pages\/754\/revisions\/839"}],"wp:attachment":[{"href":"https:\/\/niezwyciezony.org\/index.php\/wp-json\/wp\/v2\/media?parent=754"}],"curies":[{"name":"wp","href":"https:\/\/api.w.org\/{rel}","templated":true}]}}